{"id":1109,"date":"2025-10-09T17:56:20","date_gmt":"2025-10-09T17:56:20","guid":{"rendered":"https:\/\/new.fifiillustra.com\/news\/"},"modified":"2025-10-13T13:06:03","modified_gmt":"2025-10-13T13:06:03","slug":"news","status":"publish","type":"page","link":"https:\/\/fifiillustra.com\/fr\/news\/","title":{"rendered":"News"},"content":{"rendered":"<div class=\"et_pb_section_0 et_pb_section et_section_regular et_block_section\">\n<div class=\"et_pb_row_0 et_pb_row et_block_row\">\n<div class=\"et_pb_column_0 et_pb_column et_pb_column_4_4 et-last-child et_block_column et_pb_css_mix_blend_mode_passthrough\">\n<div class=\"et_pb_image_0 et_pb_image et_pb_module et_flex_module\"><span class=\"et_pb_image_wrap\"><img loading=\"lazy\" decoding=\"async\" src=\"https:\/\/fifiillustra.com\/wp-content\/uploads\/2025\/10\/fifi-illustra-logo2.png\" alt=\"fifi illustra logo2\" width=\"76\" height=\"150\" sizes=\"(max-width: 76px) 100vw, 76px\" class=\"wp-image-25\" \/><\/span><\/div>\n\n<div class=\"et_pb_text_0 et_pb_text et_pb_bg_layout_light et_pb_module et_flex_module titolo-page\"><div class=\"et_pb_text_inner\"><h1>News<\/h1>\n<\/div><\/div>\n<\/div>\n<\/div>\n<\/div>\n\n<div class=\"et_pb_section_1 et_pb_section et_section_regular et_flex_section home-step\" id=\"home-step3\">\n<div class=\"et_pb_row_1 et_pb_row et_flex_row\">\n<div class=\"et_pb_column_1 et_pb_column et-last-child et_flex_column et_pb_css_mix_blend_mode_passthrough et_flex_column_24_24 et_flex_column_24_24_tablet et_flex_column_24_24_phone\">\n<div class=\"et_pb_blog_0 et_pb_blog et_pb_bg_layout_light et_pb_text_align_center et_pb_posts et_pb_module blog-full\"><div class=\"et_pb_ajax_pagination_container\"><div class=\"et_pb_posts et_grid_module\"><article class=\"et_pb_post et_pb_post_id_1404 clearfix et_pb_blog_item_0_0 post-1404 post type-post status-publish format-standard has-post-thumbnail hentry category-news\"><div class=\"et_pb_image_container\"><a href=\"https:\/\/fifiillustra.com\/fr\/collaboration-inspirante-francesca-fiaschi-03-11-2026-filati-t-talk\/\" class=\"entry-featured-image-url\"><img loading=\"lazy\" decoding=\"async\" src=\"https:\/\/fifiillustra.com\/wp-content\/uploads\/2025\/11\/Copertina-intervista-tollegno_-1.jpg\" width=\"169\" height=\"284\" alt=\"Collaboration inspirante : Francesca Fiaschi \/03.11.2026\/Filati-T Talk\" class=\"\" srcset=\"https:\/\/fifiillustra.com\/wp-content\/uploads\/2025\/11\/Copertina-intervista-tollegno_-1.jpg 479w, https:\/\/fifiillustra.com\/wp-content\/uploads\/2025\/11\/Copertina-intervista-tollegno_-1-178x300.jpg 480w\" sizes=\"(max-width:479px) 479px, 100vw\" \/><span data-icon=\"\ue050\" class=\"et_overlay et_pb_inline_icon\"><\/span><\/a><\/div><h2 class=\"entry-title\"><a href=\"https:\/\/fifiillustra.com\/fr\/collaboration-inspirante-francesca-fiaschi-03-11-2026-filati-t-talk\/\">Collaboration inspirante : Francesca Fiaschi \/03.11.2026\/Filati-T Talk<\/a><\/h2><p class=\"post-meta\"><span class=\"entry-categories\"><a href=\"https:\/\/fifiillustra.com\/fr\/category\/news\/\" rel=\"tag\">news<\/a><\/span><\/p><div class=\"post-content\"><div class=\"post-content-inner\"><p>L\u2019artiste visuelle et architecte-urbaniste Francesca Fiaschi a utilis\u00e9 les fils Harmony et Feeling de Tollegno 1900 pour son \u0153uvre Zones d\u2019ambigu\u00eft\u00e9 \u2013 Couleur et perception alt\u00e9r\u00e9e \u00e0 travers papier et textile, pr\u00e9sent\u00e9e \u00e0 la XV\u1d49 Florence Biennale.Deux des fils&#8230;<\/p>\n<\/div><\/div><\/article><\/div><\/div><\/div>\n<\/div>\n<\/div>\n\n<div class=\"et_pb_row_2 et_pb_row et_flex_row\">\n<div class=\"et_pb_column_2 et_pb_column et-last-child et_flex_column et_pb_css_mix_blend_mode_passthrough et_flex_column_24_24 et_flex_column_24_24_tablet et_flex_column_24_24_phone\">\n<div class=\"et_pb_blog_1 et_pb_blog et_pb_bg_layout_light et_pb_posts et_pb_module blog-full\"><div class=\"et_pb_ajax_pagination_container\"><div class=\"et_pb_posts et_grid_module\"><article class=\"et_pb_post et_pb_post_id_1044 clearfix et_pb_blog_item_1_0 post-1044 post type-post status-publish format-standard has-post-thumbnail hentry category-expositions\"><div class=\"et_pb_image_container\"><a href=\"https:\/\/fifiillustra.com\/fr\/participation-a-la-biennale-dart-et-de-design-de-florence-xve-edition-2025\/\" class=\"entry-featured-image-url\"><img loading=\"lazy\" decoding=\"async\" src=\"https:\/\/fifiillustra.com\/wp-content\/uploads\/2025\/10\/artist-Francesca-Fiaschi-FiFi-Florence-Biennale-Art-Design_.png\" width=\"400\" height=\"148\" alt=\"artist Francesca Fiaschi FiFi Florence Biennale Art Design\" class=\"\" srcset=\"https:\/\/fifiillustra.com\/wp-content\/uploads\/2025\/10\/artist-Francesca-Fiaschi-FiFi-Florence-Biennale-Art-Design_.png 479w, https:\/\/fifiillustra.com\/wp-content\/uploads\/2025\/10\/artist-Francesca-Fiaschi-FiFi-Florence-Biennale-Art-Design_-480x177.png 480w\" sizes=\"(max-width:479px) 479px, 100vw\" \/><span data-icon=\"\ue050\" class=\"et_overlay et_pb_inline_icon\"><\/span><\/a><\/div><h2 class=\"entry-title\"><a href=\"https:\/\/fifiillustra.com\/fr\/participation-a-la-biennale-dart-et-de-design-de-florence-xve-edition-2025\/\">Participation \u00e0 la Biennale d\u2019art et de design de Florence, XVe \u00e9dition, 2025<\/a><\/h2><p class=\"post-meta\"><span class=\"entry-categories\"><a href=\"https:\/\/fifiillustra.com\/fr\/category\/expositions\/\" rel=\"tag\">Expositions<\/a><\/span><\/p><div class=\"post-content\"><div class=\"post-content-inner\"><p>Pr\u00e9sent\u00e9e dans la section Fiber Art de la XV Biennale de Florence (18\u201326 octobre 2025), Zones d\u2019ambigu\u00eft\u00e9 \u2013 Couleur et perception alt\u00e9r\u00e9e \u00e0 travers papier et textile est une \u0153uvre d\u00e9velopp\u00e9e \u00e0 partir d\u2019\u00e9tudes chromatiques sur papier japonais.La pi\u00e8ce est r\u00e9alis\u00e9e avec&#8230;<\/p>\n<\/div><\/div><\/article><article class=\"et_pb_post et_pb_post_id_1250 clearfix et_pb_blog_item_1_1 post-1250 post type-post status-publish format-standard has-post-thumbnail hentry category-expositions\"><div class=\"et_pb_image_container\"><a href=\"https:\/\/fifiillustra.com\/fr\/partecipation-a-pret-a-emporter-atelier-circulaire-montreal-28-novembre-14-decembre-2019\/\" class=\"entry-featured-image-url\"><img loading=\"lazy\" decoding=\"async\" src=\"https:\/\/fifiillustra.com\/wp-content\/uploads\/2025\/10\/Les-Flaneurs-expo-1.jpg\" width=\"306\" height=\"284\" alt=\"Participation \u00e0 PR\u00caT-\u00c0-EMPORTER (Atelier Circulaire, Montr\u00e9al, 28 novembre \u2013 14 d\u00e9cembre 2019)\" class=\"\" srcset=\"https:\/\/fifiillustra.com\/wp-content\/uploads\/2025\/10\/Les-Flaneurs-expo-1.jpg 479w, https:\/\/fifiillustra.com\/wp-content\/uploads\/2025\/10\/Les-Flaneurs-expo-1-480x446.jpg 480w\" sizes=\"(max-width:479px) 479px, 100vw\" \/><span data-icon=\"\ue050\" class=\"et_overlay et_pb_inline_icon\"><\/span><\/a><\/div><h2 class=\"entry-title\"><a href=\"https:\/\/fifiillustra.com\/fr\/partecipation-a-pret-a-emporter-atelier-circulaire-montreal-28-novembre-14-decembre-2019\/\">Participation \u00e0 PR\u00caT-\u00c0-EMPORTER (Atelier Circulaire, Montr\u00e9al, 28 novembre \u2013 14 d\u00e9cembre 2019)<\/a><\/h2><p class=\"post-meta\"><span class=\"entry-categories\"><a href=\"https:\/\/fifiillustra.com\/fr\/category\/expositions\/\" rel=\"tag\">Expositions<\/a><\/span><\/p><div class=\"post-content\"><div class=\"post-content-inner\"><\/div><\/div><\/article><\/div><\/div><\/div>\n<\/div>\n<\/div>\n<\/div>","protected":false},"excerpt":{"rendered":"","protected":false},"author":2,"featured_media":0,"parent":0,"menu_order":0,"comment_status":"closed","ping_status":"closed","template":"","meta":{"_acf_changed":false,"footnotes":""},"class_list":["post-1109","page","type-page","status-publish","hentry"],"acf":[],"yoast_head":"<!-- This site is optimized with the Yoast SEO plugin v27.2 - https:\/\/yoast.com\/product\/yoast-seo-wordpress\/ -->\n<title>News - fifi<\/title>\n<meta name=\"robots\" content=\"index, follow, max-snippet:-1, max-image-preview:large, max-video-preview:-1\" \/>\n<link rel=\"canonical\" href=\"https:\/\/fifiillustra.com\/fr\/news\/\" \/>\n<meta property=\"og:locale\" content=\"fr_FR\" \/>\n<meta property=\"og:type\" content=\"article\" \/>\n<meta property=\"og:title\" content=\"News - fifi\" \/>\n<meta property=\"og:url\" content=\"https:\/\/fifiillustra.com\/fr\/news\/\" \/>\n<meta property=\"og:site_name\" content=\"fifi\" \/>\n<meta property=\"article:modified_time\" content=\"2025-10-13T13:06:03+00:00\" \/>\n<meta name=\"twitter:card\" content=\"summary_large_image\" \/>\n<script type=\"application\/ld+json\" class=\"yoast-schema-graph\">{\"@context\":\"https:\/\/schema.org\",\"@graph\":[{\"@type\":\"WebPage\",\"@id\":\"https:\/\/fifiillustra.com\/fr\/news\/\",\"url\":\"https:\/\/fifiillustra.com\/fr\/news\/\",\"name\":\"News - fifi\",\"isPartOf\":{\"@id\":\"https:\/\/fifiillustra.com\/fr\/#website\"},\"datePublished\":\"2025-10-09T17:56:20+00:00\",\"dateModified\":\"2025-10-13T13:06:03+00:00\",\"breadcrumb\":{\"@id\":\"https:\/\/fifiillustra.com\/fr\/news\/#breadcrumb\"},\"inLanguage\":\"fr-FR\",\"potentialAction\":[{\"@type\":\"ReadAction\",\"target\":[\"https:\/\/fifiillustra.com\/fr\/news\/\"]}]},{\"@type\":\"BreadcrumbList\",\"@id\":\"https:\/\/fifiillustra.com\/fr\/news\/#breadcrumb\",\"itemListElement\":[{\"@type\":\"ListItem\",\"position\":1,\"name\":\"Home\",\"item\":\"https:\/\/fifiillustra.com\/fr\/\"},{\"@type\":\"ListItem\",\"position\":2,\"name\":\"News\"}]},{\"@type\":\"WebSite\",\"@id\":\"https:\/\/fifiillustra.com\/fr\/#website\",\"url\":\"https:\/\/fifiillustra.com\/fr\/\",\"name\":\"fifi Visual Artist\",\"description\":\"Visual Artist\",\"publisher\":{\"@id\":\"https:\/\/fifiillustra.com\/fr\/#organization\"},\"potentialAction\":[{\"@type\":\"SearchAction\",\"target\":{\"@type\":\"EntryPoint\",\"urlTemplate\":\"https:\/\/fifiillustra.com\/fr\/?s={search_term_string}\"},\"query-input\":{\"@type\":\"PropertyValueSpecification\",\"valueRequired\":true,\"valueName\":\"search_term_string\"}}],\"inLanguage\":\"fr-FR\"},{\"@type\":\"Organization\",\"@id\":\"https:\/\/fifiillustra.com\/fr\/#organization\",\"name\":\"Francesca Fiaschi\",\"url\":\"https:\/\/fifiillustra.com\/fr\/\",\"logo\":{\"@type\":\"ImageObject\",\"inLanguage\":\"fr-FR\",\"@id\":\"https:\/\/fifiillustra.com\/fr\/#\/schema\/logo\/image\/\",\"url\":\"https:\/\/fifiillustra.com\/wp-content\/uploads\/2025\/10\/fifi-illustra-logo2.png\",\"contentUrl\":\"https:\/\/fifiillustra.com\/wp-content\/uploads\/2025\/10\/fifi-illustra-logo2.png\",\"width\":76,\"height\":150,\"caption\":\"Francesca Fiaschi\"},\"image\":{\"@id\":\"https:\/\/fifiillustra.com\/fr\/#\/schema\/logo\/image\/\"},\"sameAs\":[\"https:\/\/www.instagram.com\/fifiillustra.fifi\/\"]}]}<\/script>\n<!-- \/ Yoast SEO plugin. -->","yoast_head_json":{"title":"News - fifi","robots":{"index":"index","follow":"follow","max-snippet":"max-snippet:-1","max-image-preview":"max-image-preview:large","max-video-preview":"max-video-preview:-1"},"canonical":"https:\/\/fifiillustra.com\/fr\/news\/","og_locale":"fr_FR","og_type":"article","og_title":"News - fifi","og_url":"https:\/\/fifiillustra.com\/fr\/news\/","og_site_name":"fifi","article_modified_time":"2025-10-13T13:06:03+00:00","twitter_card":"summary_large_image","schema":{"@context":"https:\/\/schema.org","@graph":[{"@type":"WebPage","@id":"https:\/\/fifiillustra.com\/fr\/news\/","url":"https:\/\/fifiillustra.com\/fr\/news\/","name":"News - fifi","isPartOf":{"@id":"https:\/\/fifiillustra.com\/fr\/#website"},"datePublished":"2025-10-09T17:56:20+00:00","dateModified":"2025-10-13T13:06:03+00:00","breadcrumb":{"@id":"https:\/\/fifiillustra.com\/fr\/news\/#breadcrumb"},"inLanguage":"fr-FR","potentialAction":[{"@type":"ReadAction","target":["https:\/\/fifiillustra.com\/fr\/news\/"]}]},{"@type":"BreadcrumbList","@id":"https:\/\/fifiillustra.com\/fr\/news\/#breadcrumb","itemListElement":[{"@type":"ListItem","position":1,"name":"Home","item":"https:\/\/fifiillustra.com\/fr\/"},{"@type":"ListItem","position":2,"name":"News"}]},{"@type":"WebSite","@id":"https:\/\/fifiillustra.com\/fr\/#website","url":"https:\/\/fifiillustra.com\/fr\/","name":"fifi Visual Artist","description":"Visual Artist","publisher":{"@id":"https:\/\/fifiillustra.com\/fr\/#organization"},"potentialAction":[{"@type":"SearchAction","target":{"@type":"EntryPoint","urlTemplate":"https:\/\/fifiillustra.com\/fr\/?s={search_term_string}"},"query-input":{"@type":"PropertyValueSpecification","valueRequired":true,"valueName":"search_term_string"}}],"inLanguage":"fr-FR"},{"@type":"Organization","@id":"https:\/\/fifiillustra.com\/fr\/#organization","name":"Francesca Fiaschi","url":"https:\/\/fifiillustra.com\/fr\/","logo":{"@type":"ImageObject","inLanguage":"fr-FR","@id":"https:\/\/fifiillustra.com\/fr\/#\/schema\/logo\/image\/","url":"https:\/\/fifiillustra.com\/wp-content\/uploads\/2025\/10\/fifi-illustra-logo2.png","contentUrl":"https:\/\/fifiillustra.com\/wp-content\/uploads\/2025\/10\/fifi-illustra-logo2.png","width":76,"height":150,"caption":"Francesca Fiaschi"},"image":{"@id":"https:\/\/fifiillustra.com\/fr\/#\/schema\/logo\/image\/"},"sameAs":["https:\/\/www.instagram.com\/fifiillustra.fifi\/"]}]}},"_links":{"self":[{"href":"https:\/\/fifiillustra.com\/fr\/wp-json\/wp\/v2\/pages\/1109","targetHints":{"allow":["GET"]}}],"collection":[{"href":"https:\/\/fifiillustra.com\/fr\/wp-json\/wp\/v2\/pages"}],"about":[{"href":"https:\/\/fifiillustra.com\/fr\/wp-json\/wp\/v2\/types\/page"}],"author":[{"embeddable":true,"href":"https:\/\/fifiillustra.com\/fr\/wp-json\/wp\/v2\/users\/2"}],"replies":[{"embeddable":true,"href":"https:\/\/fifiillustra.com\/fr\/wp-json\/wp\/v2\/comments?post=1109"}],"version-history":[{"count":0,"href":"https:\/\/fifiillustra.com\/fr\/wp-json\/wp\/v2\/pages\/1109\/revisions"}],"wp:attachment":[{"href":"https:\/\/fifiillustra.com\/fr\/wp-json\/wp\/v2\/media?parent=1109"}],"curies":[{"name":"wp","href":"https:\/\/api.w.org\/{rel}","templated":true}]}}