{"id":133,"date":"2025-10-09T10:18:32","date_gmt":"2025-10-09T10:18:32","guid":{"rendered":"https:\/\/new.fifiillustra.com\/home\/"},"modified":"2025-10-11T17:03:34","modified_gmt":"2025-10-11T17:03:34","slug":"home","status":"publish","type":"page","link":"https:\/\/fifiillustra.com\/fr\/","title":{"rendered":"Home"},"content":{"rendered":"<div class=\"et_pb_section_0 et_pb_section et_section_regular et_flex_section home-step\" id=\"home-step1\">\n<div class=\"et_pb_row_0 et_pb_row et_flex_row\">\n<div class=\"et_pb_column_0 et_pb_column et-last-child et_flex_column et_pb_css_mix_blend_mode_passthrough et_clickable et_flex_column_24_24 et_flex_column_24_24_tablet et_flex_column_24_24_phone\">\n<div class=\"et_pb_image_0 et_pb_image et_pb_module et_flex_module\"><span class=\"et_pb_image_wrap\"><img loading=\"lazy\" decoding=\"async\" src=\"https:\/\/fifiillustra.com\/wp-content\/uploads\/2025\/10\/fifi-illustra-visual-artist.jpg\" alt=\"fifi illustra visual artist\" width=\"1064\" height=\"1064\" srcset=\"https:\/\/fifiillustra.com\/wp-content\/uploads\/2025\/10\/fifi-illustra-visual-artist.jpg 1064w, https:\/\/fifiillustra.com\/wp-content\/uploads\/2025\/10\/fifi-illustra-visual-artist-980x980.jpg 980w, https:\/\/fifiillustra.com\/wp-content\/uploads\/2025\/10\/fifi-illustra-visual-artist-480x480.jpg 480w\" sizes=\"(min-width: 0px) and (max-width: 480px) 480px, (min-width: 481px) and (max-width: 980px) 980px, (min-width: 981px) 1064px, 100vw\" class=\"wp-image-19\" \/><\/span><\/div>\n<\/div>\n<\/div>\n<\/div>\n\n<div class=\"et_pb_section_1 et_pb_section et_section_regular et_flex_section home-step\" id=\"home-step2\">\n<div class=\"et_pb_row_1 et_pb_row et_flex_row\">\n<div class=\"et_pb_column_1 et_pb_column et-last-child et_flex_column et_pb_css_mix_blend_mode_passthrough et_clickable et_flex_column_24_24 et_flex_column_24_24_tablet et_flex_column_24_24_phone\">\n<div class=\"et_pb_image_1 et_pb_image et_pb_module et_flex_module\"><span class=\"et_pb_image_wrap\"><img loading=\"lazy\" decoding=\"async\" src=\"https:\/\/fifiillustra.com\/wp-content\/uploads\/2025\/10\/fifi-illustra-logo2.png\" alt=\"fifi illustra logo2\" width=\"76\" height=\"150\" sizes=\"(max-width: 76px) 100vw, 76px\" class=\"wp-image-25\" \/><\/span><\/div>\n\n<div class=\"et_pb_text_0 et_pb_text et_pb_bg_layout_light et_pb_module et_flex_module\"><div class=\"et_pb_text_inner\"><h1>Visual Artist<\/h1>\n<\/div><\/div>\n<\/div>\n<\/div>\n<\/div>\n\n<div class=\"et_pb_section_2 et_pb_section et_section_regular et_flex_section home-step\" id=\"home-step3\">\n<div class=\"et_pb_row_2 et_pb_row et_flex_row\">\n<div class=\"et_pb_column_2 et_pb_column et-last-child et_flex_column et_pb_css_mix_blend_mode_passthrough et_flex_column_24_24 et_flex_column_24_24_tablet et_flex_column_24_24_phone\">\n<div class=\"et_pb_text_1 et_pb_text et_pb_bg_layout_light et_pb_module et_flex_module\"><div class=\"et_pb_text_inner\"><h2>News<\/h2>\n<\/div><\/div>\n\n<div class=\"et_pb_blog_0 et_pb_blog et_pb_bg_layout_light et_pb_text_align_center et_pb_posts et_pb_module blog-full\"><div class=\"et_pb_ajax_pagination_container\"><div class=\"et_pb_posts et_grid_module\"><article class=\"et_pb_post et_pb_post_id_1404 clearfix et_pb_blog_item_0_0 post-1404 post type-post status-publish format-standard has-post-thumbnail hentry category-news\"><div class=\"et_pb_image_container\"><a href=\"https:\/\/fifiillustra.com\/fr\/collaboration-inspirante-francesca-fiaschi-03-11-2026-filati-t-talk\/\" class=\"entry-featured-image-url\"><img loading=\"lazy\" decoding=\"async\" src=\"https:\/\/fifiillustra.com\/wp-content\/uploads\/2025\/11\/Copertina-intervista-tollegno_-1.jpg\" width=\"169\" height=\"284\" alt=\"Collaboration inspirante : Francesca Fiaschi \/03.11.2026\/Filati-T Talk\" class=\"\" srcset=\"https:\/\/fifiillustra.com\/wp-content\/uploads\/2025\/11\/Copertina-intervista-tollegno_-1.jpg 479w, https:\/\/fifiillustra.com\/wp-content\/uploads\/2025\/11\/Copertina-intervista-tollegno_-1-178x300.jpg 480w\" sizes=\"(max-width:479px) 479px, 100vw\" \/><span data-icon=\"\ue050\" class=\"et_overlay et_pb_inline_icon\"><\/span><\/a><\/div><h3 class=\"entry-title\"><a href=\"https:\/\/fifiillustra.com\/fr\/collaboration-inspirante-francesca-fiaschi-03-11-2026-filati-t-talk\/\">Collaboration inspirante : Francesca Fiaschi \/03.11.2026\/Filati-T Talk<\/a><\/h3><p class=\"post-meta\"><span class=\"entry-categories\"><a href=\"https:\/\/fifiillustra.com\/fr\/category\/news\/\" rel=\"tag\">news<\/a><\/span><\/p><div class=\"post-content\"><div class=\"post-content-inner\"><p>L\u2019artiste visuelle et architecte-urbaniste Francesca Fiaschi a utilis\u00e9 les fils Harmony et Feeling de Tollegno 1900 pour son \u0153uvre Zones d\u2019ambigu\u00eft\u00e9 \u2013 Couleur et perception alt\u00e9r\u00e9e \u00e0 travers papier et textile, pr\u00e9sent\u00e9e \u00e0 la XV\u1d49 Florence Biennale.Deux des fils&#8230;<\/p>\n<\/div><\/div><\/article><\/div><\/div><\/div>\n<\/div>\n<\/div>\n<\/div>","protected":false},"excerpt":{"rendered":"","protected":false},"author":2,"featured_media":134,"parent":0,"menu_order":0,"comment_status":"closed","ping_status":"closed","template":"","meta":{"_acf_changed":false,"footnotes":""},"class_list":["post-133","page","type-page","status-publish","has-post-thumbnail","hentry"],"acf":[],"yoast_head":"<!-- This site is optimized with the Yoast SEO plugin v27.2 - https:\/\/yoast.com\/product\/yoast-seo-wordpress\/ -->\n<title>Home - fifi<\/title>\n<meta name=\"robots\" content=\"index, follow, max-snippet:-1, max-image-preview:large, max-video-preview:-1\" \/>\n<link rel=\"canonical\" href=\"https:\/\/fifiillustra.com\/fr\/\" \/>\n<meta property=\"og:locale\" content=\"fr_FR\" \/>\n<meta property=\"og:type\" content=\"article\" \/>\n<meta property=\"og:title\" content=\"Home - fifi\" \/>\n<meta property=\"og:url\" content=\"https:\/\/fifiillustra.com\/fr\/\" \/>\n<meta property=\"og:site_name\" content=\"fifi\" \/>\n<meta property=\"article:modified_time\" content=\"2025-10-11T17:03:34+00:00\" \/>\n<meta property=\"og:image\" content=\"https:\/\/fifiillustra.com\/wp-content\/uploads\/2025\/10\/fifi-illustra-visual-artist.jpg\" \/>\n\t<meta property=\"og:image:width\" content=\"1064\" \/>\n\t<meta property=\"og:image:height\" content=\"1064\" \/>\n\t<meta property=\"og:image:type\" content=\"image\/jpeg\" \/>\n<meta name=\"twitter:card\" content=\"summary_large_image\" \/>\n<script type=\"application\/ld+json\" class=\"yoast-schema-graph\">{\"@context\":\"https:\/\/schema.org\",\"@graph\":[{\"@type\":\"WebPage\",\"@id\":\"https:\/\/fifiillustra.com\/fr\/\",\"url\":\"https:\/\/fifiillustra.com\/fr\/\",\"name\":\"Home - fifi\",\"isPartOf\":{\"@id\":\"https:\/\/fifiillustra.com\/fr\/#website\"},\"primaryImageOfPage\":{\"@id\":\"https:\/\/fifiillustra.com\/fr\/#primaryimage\"},\"image\":{\"@id\":\"https:\/\/fifiillustra.com\/fr\/#primaryimage\"},\"thumbnailUrl\":\"https:\/\/fifiillustra.com\/wp-content\/uploads\/2025\/10\/fifi-illustra-visual-artist.jpg\",\"datePublished\":\"2025-10-09T10:18:32+00:00\",\"dateModified\":\"2025-10-11T17:03:34+00:00\",\"breadcrumb\":{\"@id\":\"https:\/\/fifiillustra.com\/fr\/#breadcrumb\"},\"inLanguage\":\"fr-FR\",\"potentialAction\":[{\"@type\":\"ReadAction\",\"target\":[\"https:\/\/fifiillustra.com\/fr\/\"]}]},{\"@type\":\"ImageObject\",\"inLanguage\":\"fr-FR\",\"@id\":\"https:\/\/fifiillustra.com\/fr\/#primaryimage\",\"url\":\"https:\/\/fifiillustra.com\/wp-content\/uploads\/2025\/10\/fifi-illustra-visual-artist.jpg\",\"contentUrl\":\"https:\/\/fifiillustra.com\/wp-content\/uploads\/2025\/10\/fifi-illustra-visual-artist.jpg\",\"width\":1064,\"height\":1064,\"caption\":\"fifi illustra visual artist\"},{\"@type\":\"BreadcrumbList\",\"@id\":\"https:\/\/fifiillustra.com\/fr\/#breadcrumb\",\"itemListElement\":[{\"@type\":\"ListItem\",\"position\":1,\"name\":\"Home\",\"item\":\"https:\/\/fifiillustra.com\/fr\/\"},{\"@type\":\"ListItem\",\"position\":2,\"name\":\"Home\"}]},{\"@type\":\"WebSite\",\"@id\":\"https:\/\/fifiillustra.com\/fr\/#website\",\"url\":\"https:\/\/fifiillustra.com\/fr\/\",\"name\":\"fifi Visual Artist\",\"description\":\"Visual Artist\",\"publisher\":{\"@id\":\"https:\/\/fifiillustra.com\/fr\/#organization\"},\"potentialAction\":[{\"@type\":\"SearchAction\",\"target\":{\"@type\":\"EntryPoint\",\"urlTemplate\":\"https:\/\/fifiillustra.com\/fr\/?s={search_term_string}\"},\"query-input\":{\"@type\":\"PropertyValueSpecification\",\"valueRequired\":true,\"valueName\":\"search_term_string\"}}],\"inLanguage\":\"fr-FR\"},{\"@type\":\"Organization\",\"@id\":\"https:\/\/fifiillustra.com\/fr\/#organization\",\"name\":\"Francesca Fiaschi\",\"url\":\"https:\/\/fifiillustra.com\/fr\/\",\"logo\":{\"@type\":\"ImageObject\",\"inLanguage\":\"fr-FR\",\"@id\":\"https:\/\/fifiillustra.com\/fr\/#\/schema\/logo\/image\/\",\"url\":\"https:\/\/fifiillustra.com\/wp-content\/uploads\/2025\/10\/fifi-illustra-logo2.png\",\"contentUrl\":\"https:\/\/fifiillustra.com\/wp-content\/uploads\/2025\/10\/fifi-illustra-logo2.png\",\"width\":76,\"height\":150,\"caption\":\"Francesca Fiaschi\"},\"image\":{\"@id\":\"https:\/\/fifiillustra.com\/fr\/#\/schema\/logo\/image\/\"},\"sameAs\":[\"https:\/\/www.instagram.com\/fifiillustra.fifi\/\"]}]}<\/script>\n<!-- \/ Yoast SEO plugin. -->","yoast_head_json":{"title":"Home - fifi","robots":{"index":"index","follow":"follow","max-snippet":"max-snippet:-1","max-image-preview":"max-image-preview:large","max-video-preview":"max-video-preview:-1"},"canonical":"https:\/\/fifiillustra.com\/fr\/","og_locale":"fr_FR","og_type":"article","og_title":"Home - fifi","og_url":"https:\/\/fifiillustra.com\/fr\/","og_site_name":"fifi","article_modified_time":"2025-10-11T17:03:34+00:00","og_image":[{"width":1064,"height":1064,"url":"https:\/\/fifiillustra.com\/wp-content\/uploads\/2025\/10\/fifi-illustra-visual-artist.jpg","type":"image\/jpeg"}],"twitter_card":"summary_large_image","schema":{"@context":"https:\/\/schema.org","@graph":[{"@type":"WebPage","@id":"https:\/\/fifiillustra.com\/fr\/","url":"https:\/\/fifiillustra.com\/fr\/","name":"Home - fifi","isPartOf":{"@id":"https:\/\/fifiillustra.com\/fr\/#website"},"primaryImageOfPage":{"@id":"https:\/\/fifiillustra.com\/fr\/#primaryimage"},"image":{"@id":"https:\/\/fifiillustra.com\/fr\/#primaryimage"},"thumbnailUrl":"https:\/\/fifiillustra.com\/wp-content\/uploads\/2025\/10\/fifi-illustra-visual-artist.jpg","datePublished":"2025-10-09T10:18:32+00:00","dateModified":"2025-10-11T17:03:34+00:00","breadcrumb":{"@id":"https:\/\/fifiillustra.com\/fr\/#breadcrumb"},"inLanguage":"fr-FR","potentialAction":[{"@type":"ReadAction","target":["https:\/\/fifiillustra.com\/fr\/"]}]},{"@type":"ImageObject","inLanguage":"fr-FR","@id":"https:\/\/fifiillustra.com\/fr\/#primaryimage","url":"https:\/\/fifiillustra.com\/wp-content\/uploads\/2025\/10\/fifi-illustra-visual-artist.jpg","contentUrl":"https:\/\/fifiillustra.com\/wp-content\/uploads\/2025\/10\/fifi-illustra-visual-artist.jpg","width":1064,"height":1064,"caption":"fifi illustra visual artist"},{"@type":"BreadcrumbList","@id":"https:\/\/fifiillustra.com\/fr\/#breadcrumb","itemListElement":[{"@type":"ListItem","position":1,"name":"Home","item":"https:\/\/fifiillustra.com\/fr\/"},{"@type":"ListItem","position":2,"name":"Home"}]},{"@type":"WebSite","@id":"https:\/\/fifiillustra.com\/fr\/#website","url":"https:\/\/fifiillustra.com\/fr\/","name":"fifi Visual Artist","description":"Visual Artist","publisher":{"@id":"https:\/\/fifiillustra.com\/fr\/#organization"},"potentialAction":[{"@type":"SearchAction","target":{"@type":"EntryPoint","urlTemplate":"https:\/\/fifiillustra.com\/fr\/?s={search_term_string}"},"query-input":{"@type":"PropertyValueSpecification","valueRequired":true,"valueName":"search_term_string"}}],"inLanguage":"fr-FR"},{"@type":"Organization","@id":"https:\/\/fifiillustra.com\/fr\/#organization","name":"Francesca Fiaschi","url":"https:\/\/fifiillustra.com\/fr\/","logo":{"@type":"ImageObject","inLanguage":"fr-FR","@id":"https:\/\/fifiillustra.com\/fr\/#\/schema\/logo\/image\/","url":"https:\/\/fifiillustra.com\/wp-content\/uploads\/2025\/10\/fifi-illustra-logo2.png","contentUrl":"https:\/\/fifiillustra.com\/wp-content\/uploads\/2025\/10\/fifi-illustra-logo2.png","width":76,"height":150,"caption":"Francesca Fiaschi"},"image":{"@id":"https:\/\/fifiillustra.com\/fr\/#\/schema\/logo\/image\/"},"sameAs":["https:\/\/www.instagram.com\/fifiillustra.fifi\/"]}]}},"_links":{"self":[{"href":"https:\/\/fifiillustra.com\/fr\/wp-json\/wp\/v2\/pages\/133","targetHints":{"allow":["GET"]}}],"collection":[{"href":"https:\/\/fifiillustra.com\/fr\/wp-json\/wp\/v2\/pages"}],"about":[{"href":"https:\/\/fifiillustra.com\/fr\/wp-json\/wp\/v2\/types\/page"}],"author":[{"embeddable":true,"href":"https:\/\/fifiillustra.com\/fr\/wp-json\/wp\/v2\/users\/2"}],"replies":[{"embeddable":true,"href":"https:\/\/fifiillustra.com\/fr\/wp-json\/wp\/v2\/comments?post=133"}],"version-history":[{"count":0,"href":"https:\/\/fifiillustra.com\/fr\/wp-json\/wp\/v2\/pages\/133\/revisions"}],"wp:featuredmedia":[{"embeddable":true,"href":"https:\/\/fifiillustra.com\/fr\/wp-json\/wp\/v2\/media\/134"}],"wp:attachment":[{"href":"https:\/\/fifiillustra.com\/fr\/wp-json\/wp\/v2\/media?parent=133"}],"curies":[{"name":"wp","href":"https:\/\/api.w.org\/{rel}","templated":true}]}}