{"id":183,"date":"2025-10-09T17:55:32","date_gmt":"2025-10-09T17:55:32","guid":{"rendered":"https:\/\/new.fifiillustra.com\/biography\/"},"modified":"2025-10-11T14:27:39","modified_gmt":"2025-10-11T14:27:39","slug":"biographie","status":"publish","type":"page","link":"https:\/\/fifiillustra.com\/fr\/biographie\/","title":{"rendered":"Biographie"},"content":{"rendered":"<div class=\"et_pb_section_0 et_pb_section et_section_regular et_flex_section\">\n<div class=\"et_pb_row_0 et_pb_row et_flex_row\">\n<div class=\"et_pb_column_0 et_pb_column et_flex_column et_pb_css_mix_blend_mode_passthrough et_flex_column_24_24 et_flex_column_24_24_tablet et_flex_column_24_24_phone\">\n<div class=\"et_pb_divider_0 et_pb_divider_hidden et_pb_space et_pb_divider_position_top et_pb_module\"><div class=\"et_pb_divider_internal\"><\/div><\/div>\n<\/div>\n\n<div class=\"et_pb_column_1 et_pb_column et-last-child et_flex_column et_pb_css_mix_blend_mode_passthrough et_flex_column_24_24 et_flex_column_24_24_tablet et_flex_column_24_24_phone\">\n<div class=\"et_pb_text_0 et_pb_text et_pb_bg_layout_light et_pb_module et_flex_module titolo-page\"><div class=\"et_pb_text_inner\"><h1>Bio<\/h1>\n<\/div><\/div>\n<\/div>\n<\/div>\n\n<div class=\"et_pb_row_1 et_pb_row et_flex_row\">\n<div class=\"et_pb_column_2 et_pb_column et_flex_column et_pb_css_mix_blend_mode_passthrough et_flex_column_24_24 et_flex_column_24_24_tablet et_flex_column_24_24_phone\">\n<div class=\"et_pb_image_0 et_pb_image et_pb_module et_flex_module\"><span class=\"et_pb_image_wrap\"><img decoding=\"async\" src=\"https:\/\/fifiillustra.com\/wp-content\/uploads\/2025\/10\/francesca-fiaschi-fifi.jpg\" alt=\"francesca fiaschi fifi\" class=\"wp-image-189\" \/><\/span><\/div>\n<\/div>\n\n<div class=\"et_pb_column_3 et_pb_column et_flex_column et_pb_css_mix_blend_mode_passthrough et_flex_column_24_24 et_flex_column_24_24_tablet et_flex_column_24_24_phone\">\n<div class=\"et_pb_text_1 et_pb_text et_pb_bg_layout_light et_pb_module et_flex_module\"><div class=\"et_pb_text_inner\"><p><strong>Je suis une artiste visuelle avec une formation en architecture. Ma pratique explore la relation entre couleur, mati\u00e8re et espace, en pla\u00e7ant au centre une exp\u00e9rience directe, visuelle et tactile. Je consid\u00e8re la couleur comme un langage autonome \u2014 \u00e0 la fois structurel et \u00e9motionnel \u2014 qui s\u2019exprime sur des supports mixtes tels que le textile, le papier, le pl\u00e2tre, le fil et les pigments. Mon travail na\u00eet de l\u2019observation des contextes naturels et urbains, que je traduis en compositions abstraites o\u00f9 coexistent analyse et perception.<\/strong><\/p>\n<p>En 2014, je me suis install\u00e9e \u00e0 Montr\u00e9al. J\u2019y ai commenc\u00e9 comme illustratrice, avant de m\u2019approcher des techniques d\u2019impression et de s\u00e9rigraphie, qui m\u2019ont ouvert la voie vers une pratique plus large, capable d\u2019entrelacer arts visuels, artisanat et design. Au fil des ann\u00e9es, j\u2019ai absorb\u00e9 des influences de diff\u00e9rents contextes culturels \u2014 Italie, Afrique, Asie et Am\u00e9rique du Nord \u2014 qui ont fa\u00e7onn\u00e9 ma sensibilit\u00e9 aux textures du paysage, aux rythmes urbains et \u00e0 la qualit\u00e9 de la lumi\u00e8re dans diff\u00e9rents lieux. Ces atmosph\u00e8res r\u00e9apparaissent dans mes \u0153uvres \u00e0 travers motifs, formes et contrastes chromatiques, avec le geste coloriste comme noyau central.<\/p>\n<p>\u00c0 Montr\u00e9al, la dimension chromatique est devenue centrale dans ma pratique. Prendre conscience de mon rapport \u00e0 la couleur m\u2019a amen\u00e9e \u00e0 la consid\u00e9rer non seulement comme intuition, mais comme un champ autonome de recherche et d\u2019exp\u00e9rimentation. Ce tournant s\u2019est li\u00e9 \u00e0 ma formation en architecture et \u00e0 mon doctorat en urbanisme au Canada, qui m\u2019ont donn\u00e9 une m\u00e9thode pour aborder la complexit\u00e9 et la traduire en solutions concr\u00e8tes. Ainsi, dans mon travail, l\u2019analyse chromatique guide le choix des mat\u00e9riaux et le dialogue avec les artisans, tandis que l\u2019intuition maintient vivante la singularit\u00e9 de chaque cr\u00e9ation.<\/p>\n<p>Je travaille avec des techniques traditionnelles (aquarelle, encre, huile, acrylique) et des m\u00e9thodes artisanales (textile, s\u00e9rigraphie), parfois combin\u00e9es avec des outils num\u00e9riques. Ma pratique inclut \u00e9galement des pigments naturels d\u00e9riv\u00e9s d\u2019\u00e9pices \u2014 curcuma, caf\u00e9, safran \u2014 qui ajoutent une dimension sensorielle suppl\u00e9mentaire \u00e0 l\u2019usage de la couleur. Ces derni\u00e8res ann\u00e9es, je me suis concentr\u00e9e sur la <strong>Color Vision Deficiency (CVD)<\/strong>, afin de cr\u00e9er des \u0153uvres lisibles m\u00eame en conditions de perception alt\u00e9r\u00e9e. Aujourd\u2019hui, mon activit\u00e9 de recherche et de cr\u00e9ation se concentre sur l\u2019analyse de la couleur, la d\u00e9finition des combinaisons chromatiques les plus expressives et leur concr\u00e9tisation \u00e0 travers l\u2019artisanat textile.<\/p>\n<\/div><\/div>\n<\/div>\n\n<div class=\"et_pb_column_4 et_pb_column et-last-child et_flex_column et_pb_css_mix_blend_mode_passthrough et_flex_column_24_24 et_flex_column_24_24_tablet et_flex_column_24_24_phone\">\n<div class=\"et_pb_text_2 et_pb_text et_pb_bg_layout_light et_pb_module et_flex_module\"><div class=\"et_pb_text_inner\"><h3>\u201c<strong>Mon objectif est de donner vie \u00e0 des formes capables de rester claires et lisibles m\u00eame pour ceux qui per\u00e7oivent la couleur de mani\u00e8re non conventionnelle.<\/strong>\u201d<\/h3>\n<p>fifi<\/p>\n<\/div><\/div>\n<\/div>\n<\/div>\n<\/div>\n\n<div class=\"et_pb_section_1 et_pb_section et_section_regular et_flex_section\"><\/div>","protected":false},"excerpt":{"rendered":"","protected":false},"author":2,"featured_media":322,"parent":0,"menu_order":0,"comment_status":"closed","ping_status":"closed","template":"","meta":{"_acf_changed":false,"footnotes":""},"class_list":["post-183","page","type-page","status-publish","has-post-thumbnail","hentry"],"acf":[],"yoast_head":"<!-- This site is optimized with the Yoast SEO plugin v27.2 - https:\/\/yoast.com\/product\/yoast-seo-wordpress\/ -->\n<title>Biographie - fifi<\/title>\n<meta name=\"robots\" content=\"index, follow, max-snippet:-1, max-image-preview:large, max-video-preview:-1\" \/>\n<link rel=\"canonical\" href=\"https:\/\/fifiillustra.com\/fr\/biographie\/\" \/>\n<meta property=\"og:locale\" content=\"fr_FR\" \/>\n<meta property=\"og:type\" content=\"article\" \/>\n<meta property=\"og:title\" content=\"Biographie - fifi\" \/>\n<meta property=\"og:url\" content=\"https:\/\/fifiillustra.com\/fr\/biographie\/\" \/>\n<meta property=\"og:site_name\" content=\"fifi\" \/>\n<meta property=\"article:modified_time\" content=\"2025-10-11T14:27:39+00:00\" \/>\n<meta name=\"twitter:card\" content=\"summary_large_image\" \/>\n<script type=\"application\/ld+json\" class=\"yoast-schema-graph\">{\"@context\":\"https:\/\/schema.org\",\"@graph\":[{\"@type\":\"WebPage\",\"@id\":\"https:\/\/fifiillustra.com\/fr\/biographie\/\",\"url\":\"https:\/\/fifiillustra.com\/fr\/biographie\/\",\"name\":\"Biographie - fifi\",\"isPartOf\":{\"@id\":\"https:\/\/fifiillustra.com\/fr\/#website\"},\"primaryImageOfPage\":{\"@id\":\"https:\/\/fifiillustra.com\/fr\/biographie\/#primaryimage\"},\"image\":{\"@id\":\"https:\/\/fifiillustra.com\/fr\/biographie\/#primaryimage\"},\"thumbnailUrl\":\"https:\/\/fifiillustra.com\/wp-content\/uploads\/2025\/10\/francesca-fiaschi-fifi.jpg\",\"datePublished\":\"2025-10-09T17:55:32+00:00\",\"dateModified\":\"2025-10-11T14:27:39+00:00\",\"breadcrumb\":{\"@id\":\"https:\/\/fifiillustra.com\/fr\/biographie\/#breadcrumb\"},\"inLanguage\":\"fr-FR\",\"potentialAction\":[{\"@type\":\"ReadAction\",\"target\":[\"https:\/\/fifiillustra.com\/fr\/biographie\/\"]}]},{\"@type\":\"ImageObject\",\"inLanguage\":\"fr-FR\",\"@id\":\"https:\/\/fifiillustra.com\/fr\/biographie\/#primaryimage\",\"url\":\"https:\/\/fifiillustra.com\/wp-content\/uploads\/2025\/10\/francesca-fiaschi-fifi.jpg\",\"contentUrl\":\"https:\/\/fifiillustra.com\/wp-content\/uploads\/2025\/10\/francesca-fiaschi-fifi.jpg\",\"width\":320,\"height\":294},{\"@type\":\"BreadcrumbList\",\"@id\":\"https:\/\/fifiillustra.com\/fr\/biographie\/#breadcrumb\",\"itemListElement\":[{\"@type\":\"ListItem\",\"position\":1,\"name\":\"Home\",\"item\":\"https:\/\/fifiillustra.com\/fr\/\"},{\"@type\":\"ListItem\",\"position\":2,\"name\":\"Biographie\"}]},{\"@type\":\"WebSite\",\"@id\":\"https:\/\/fifiillustra.com\/fr\/#website\",\"url\":\"https:\/\/fifiillustra.com\/fr\/\",\"name\":\"fifi Visual Artist\",\"description\":\"Visual Artist\",\"publisher\":{\"@id\":\"https:\/\/fifiillustra.com\/fr\/#organization\"},\"potentialAction\":[{\"@type\":\"SearchAction\",\"target\":{\"@type\":\"EntryPoint\",\"urlTemplate\":\"https:\/\/fifiillustra.com\/fr\/?s={search_term_string}\"},\"query-input\":{\"@type\":\"PropertyValueSpecification\",\"valueRequired\":true,\"valueName\":\"search_term_string\"}}],\"inLanguage\":\"fr-FR\"},{\"@type\":\"Organization\",\"@id\":\"https:\/\/fifiillustra.com\/fr\/#organization\",\"name\":\"Francesca Fiaschi\",\"url\":\"https:\/\/fifiillustra.com\/fr\/\",\"logo\":{\"@type\":\"ImageObject\",\"inLanguage\":\"fr-FR\",\"@id\":\"https:\/\/fifiillustra.com\/fr\/#\/schema\/logo\/image\/\",\"url\":\"https:\/\/fifiillustra.com\/wp-content\/uploads\/2025\/10\/fifi-illustra-logo2.png\",\"contentUrl\":\"https:\/\/fifiillustra.com\/wp-content\/uploads\/2025\/10\/fifi-illustra-logo2.png\",\"width\":76,\"height\":150,\"caption\":\"Francesca Fiaschi\"},\"image\":{\"@id\":\"https:\/\/fifiillustra.com\/fr\/#\/schema\/logo\/image\/\"},\"sameAs\":[\"https:\/\/www.instagram.com\/fifiillustra.fifi\/\"]}]}<\/script>\n<!-- \/ Yoast SEO plugin. -->","yoast_head_json":{"title":"Biographie - fifi","robots":{"index":"index","follow":"follow","max-snippet":"max-snippet:-1","max-image-preview":"max-image-preview:large","max-video-preview":"max-video-preview:-1"},"canonical":"https:\/\/fifiillustra.com\/fr\/biographie\/","og_locale":"fr_FR","og_type":"article","og_title":"Biographie - fifi","og_url":"https:\/\/fifiillustra.com\/fr\/biographie\/","og_site_name":"fifi","article_modified_time":"2025-10-11T14:27:39+00:00","twitter_card":"summary_large_image","schema":{"@context":"https:\/\/schema.org","@graph":[{"@type":"WebPage","@id":"https:\/\/fifiillustra.com\/fr\/biographie\/","url":"https:\/\/fifiillustra.com\/fr\/biographie\/","name":"Biographie - fifi","isPartOf":{"@id":"https:\/\/fifiillustra.com\/fr\/#website"},"primaryImageOfPage":{"@id":"https:\/\/fifiillustra.com\/fr\/biographie\/#primaryimage"},"image":{"@id":"https:\/\/fifiillustra.com\/fr\/biographie\/#primaryimage"},"thumbnailUrl":"https:\/\/fifiillustra.com\/wp-content\/uploads\/2025\/10\/francesca-fiaschi-fifi.jpg","datePublished":"2025-10-09T17:55:32+00:00","dateModified":"2025-10-11T14:27:39+00:00","breadcrumb":{"@id":"https:\/\/fifiillustra.com\/fr\/biographie\/#breadcrumb"},"inLanguage":"fr-FR","potentialAction":[{"@type":"ReadAction","target":["https:\/\/fifiillustra.com\/fr\/biographie\/"]}]},{"@type":"ImageObject","inLanguage":"fr-FR","@id":"https:\/\/fifiillustra.com\/fr\/biographie\/#primaryimage","url":"https:\/\/fifiillustra.com\/wp-content\/uploads\/2025\/10\/francesca-fiaschi-fifi.jpg","contentUrl":"https:\/\/fifiillustra.com\/wp-content\/uploads\/2025\/10\/francesca-fiaschi-fifi.jpg","width":320,"height":294},{"@type":"BreadcrumbList","@id":"https:\/\/fifiillustra.com\/fr\/biographie\/#breadcrumb","itemListElement":[{"@type":"ListItem","position":1,"name":"Home","item":"https:\/\/fifiillustra.com\/fr\/"},{"@type":"ListItem","position":2,"name":"Biographie"}]},{"@type":"WebSite","@id":"https:\/\/fifiillustra.com\/fr\/#website","url":"https:\/\/fifiillustra.com\/fr\/","name":"fifi Visual Artist","description":"Visual Artist","publisher":{"@id":"https:\/\/fifiillustra.com\/fr\/#organization"},"potentialAction":[{"@type":"SearchAction","target":{"@type":"EntryPoint","urlTemplate":"https:\/\/fifiillustra.com\/fr\/?s={search_term_string}"},"query-input":{"@type":"PropertyValueSpecification","valueRequired":true,"valueName":"search_term_string"}}],"inLanguage":"fr-FR"},{"@type":"Organization","@id":"https:\/\/fifiillustra.com\/fr\/#organization","name":"Francesca Fiaschi","url":"https:\/\/fifiillustra.com\/fr\/","logo":{"@type":"ImageObject","inLanguage":"fr-FR","@id":"https:\/\/fifiillustra.com\/fr\/#\/schema\/logo\/image\/","url":"https:\/\/fifiillustra.com\/wp-content\/uploads\/2025\/10\/fifi-illustra-logo2.png","contentUrl":"https:\/\/fifiillustra.com\/wp-content\/uploads\/2025\/10\/fifi-illustra-logo2.png","width":76,"height":150,"caption":"Francesca Fiaschi"},"image":{"@id":"https:\/\/fifiillustra.com\/fr\/#\/schema\/logo\/image\/"},"sameAs":["https:\/\/www.instagram.com\/fifiillustra.fifi\/"]}]}},"_links":{"self":[{"href":"https:\/\/fifiillustra.com\/fr\/wp-json\/wp\/v2\/pages\/183","targetHints":{"allow":["GET"]}}],"collection":[{"href":"https:\/\/fifiillustra.com\/fr\/wp-json\/wp\/v2\/pages"}],"about":[{"href":"https:\/\/fifiillustra.com\/fr\/wp-json\/wp\/v2\/types\/page"}],"author":[{"embeddable":true,"href":"https:\/\/fifiillustra.com\/fr\/wp-json\/wp\/v2\/users\/2"}],"replies":[{"embeddable":true,"href":"https:\/\/fifiillustra.com\/fr\/wp-json\/wp\/v2\/comments?post=183"}],"version-history":[{"count":0,"href":"https:\/\/fifiillustra.com\/fr\/wp-json\/wp\/v2\/pages\/183\/revisions"}],"wp:featuredmedia":[{"embeddable":true,"href":"https:\/\/fifiillustra.com\/fr\/wp-json\/wp\/v2\/media\/322"}],"wp:attachment":[{"href":"https:\/\/fifiillustra.com\/fr\/wp-json\/wp\/v2\/media?parent=183"}],"curies":[{"name":"wp","href":"https:\/\/api.w.org\/{rel}","templated":true}]}}